{"id":10870,"date":"2014-07-23T11:02:28","date_gmt":"2014-07-23T11:02:28","guid":{"rendered":"http:\/\/haimbresheeth.com\/gaza\/?page_id=10870"},"modified":"2014-07-23T11:03:31","modified_gmt":"2014-07-23T11:03:31","slug":"open-letter-bt-rectors-of-turkish-universities","status":"publish","type":"page","link":"https:\/\/haimbresheeth.com\/gaza\/an-open-letter-to-israel-academics-july-13th-2014\/open-letter-bt-rectors-of-turkish-universities\/","title":{"rendered":"Open Letter by Rectors of Turkish Universities"},"content":{"rendered":"<p><strong>GAZA ANNOUNCEMENT TO THE WORLD FROM RECTORS OF 111 UNIVERSITIES IN TURKEY IN 11 LANGUAGES<\/strong><\/p>\n<p>Announcement to Public<\/p>\n<p>In Gaza, there has been a great tragedy of humanity. The whole world is not reacting to it as if they were all deaf and blind. The Israeli government has lost its discernment and attack cruelly by putting the children in front of guns. In Ramadan, the holy month of Islamic world, people are having their iftar meal through the bombs with tears, grief and sorrow. Unfortunately, everyone, who closes their eyes to these cruel people and this kind of cruelty, is a sharer of that violence.<\/p>\n<p>The whole world, especially Islamic, have to be together and display a common attitude in cooperation and solidarity towards actions of Israeli government, which aims our Muslim brothers and Islamic values.<br \/>\nIsraeli government will end up with nothing by these cruel attacks. However; the more people pass it by and are silent towards these, the more they will listen to the stories of the children who passed away.<\/p>\n<p>As the Rectors of universities in Turkey, with the signs below, we vigorously condemn the air strike and ground attacks of occupant Israeli government aimed at Gaza strip on 8<sup>th<\/sup> July 2014. We vehemently condemn these attacks, which are against the human rights and international law, and in which more than 350 Palestinians, including innocent children and women amongst, have been killed and thousands have been injured.<\/p>\n<p>This is not the first attack of occupant Israeli government and this is one more clear violation of international law. The basic reason why Israel became more aggressive is the obvious support of USA, EU, Arabic governments and especially UN. International society is passing by Israel\u2019s policies, which are crimes of humanity and war. But, it has been expected that regional and international actors apply result oriented pressure policy with an obvious attitude towards Israeli government.<\/p>\n<p>It has been expected by international public opinion that The United Nations Security Council who has a mission to protect international order, and has been confirmed as a failure many times, should as soon as possible make a decision to set sanctions on Israel and should condemn Israel because of these attacks. Although UN has dozens of decisions on Israeli government, it is extremely thought \u2013 provoking that UN does not have any sanctions on Israeli government.<br \/>\n<strong>We as Rectors of universities in Turkey declare that we will;<\/strong><\/p>\n<ul>\n<li>take all sorts of responsibility to build public opinion against massacre on national and international platforms,<\/li>\n<\/ul>\n<p>&nbsp;<\/p>\n<ul>\n<li>start funding and aid campaigns in all universities around Turkey to support our brothers in Gaza,<\/li>\n<li>use all sorts of legal procedures to make Israel pay compensation for the sufferers either killed or wounded in Gaza,<\/li>\n<li>follow the procedure of those, who are in charge of this massacre, being questioned and punished in the eye of international law.<\/li>\n<li>initiate international public opinion to eradicate illegal blockade and occupation against Gaza,<\/li>\n<li>that we support the demand of our brothers, who live in a prison-like condition in their own homeland, establishing independent State of Palestine with the capital city Jerusalem,<\/li>\n<li>stop our all kind of academic, cultural and social relations with Israeli universities that do not blame the massacre of Israeli Government, until that non-human massacre against our brothers in Gaza is stopped and Gaza blockade is removed,<\/li>\n<li>continue our all kind of academic, cultural and social relations with Israeli universities and Jew academicians that react, raise their voice and protest against the massacre of Israeli government,<\/li>\n<li>give all kind of support to Jew societies and citizens who protest Israeli government for the sake of oppressed people of Palestine suffering and being killed in their own land, while they live in safe and peace away from their country.<\/li>\n<\/ul>\n<p>May Allah\u2019s peace and mercy be upon our casualties killed in the attacks of Zionist Israel, May their beloved ones accept our condolences, and May the injured get well soon.<br \/>\nRespectfully announced to public.<\/p>\n<p>&nbsp;<\/p>\n<p><strong>Rectors of Universities in Turkey<\/strong><\/p>\n<p>&nbsp;<\/p>\n<p>Rector of Mu\u015f Alparslan University<\/p>\n<p><strong>Prof. Dr. Nihat \u0130nan\u00e7<\/strong><\/p>\n<p>Rector of Y\u0131ld\u0131z Teknik University<\/p>\n<p><strong>Prof. Dr. \u0130smail Y\u00fcksek<\/strong><\/p>\n<p>&nbsp;<\/p>\n<p>Rector of \u0130stanbul Teknik University<\/p>\n<p><strong>Prof. Dr. Mehmet Karaca<\/strong><\/p>\n<p>&nbsp;<\/p>\n<p>Rector of Hacettepe University<\/p>\n<p><strong>Prof. Dr. Murat Tuncer<\/strong><\/p>\n<p>&nbsp;<\/p>\n<p>Rector of Ankara University<\/p>\n<p><strong>Prof. Dr. Erkan \u0130bi\u015f<\/strong><\/p>\n<p>&nbsp;<\/p>\n<p>Rector of A\u011fr\u0131 \u0130brahim \u00c7e\u00e7en University<\/p>\n<p><strong>Prof. Dr. \u0130rfan Aslan<\/strong><\/p>\n<p>&nbsp;<\/p>\n<p>Rector of Samsun 19 May\u0131s University<\/p>\n<p><strong>Prof. Dr. H\u00fcseyin Akan<\/strong><\/p>\n<p><strong>\u00a0<\/strong><\/p>\n<p>Rector of Sakarya University<\/p>\n<p><strong>Prof. Dr. Muzaffer Elmas<\/strong><\/p>\n<p><strong>\u00a0<\/strong><\/p>\n<p>Rector of Y\u0131ld\u0131r\u0131m Beyaz\u0131t University<\/p>\n<p><strong>Prof. Dr. Metin Do\u011fan<\/strong><\/p>\n<p>&nbsp;<\/p>\n<p>Rector of Galatasaray University<\/p>\n<p><strong>Prof. Dr. Ethem Tolga<\/strong><\/p>\n<p>&nbsp;<\/p>\n<p>Rector of Gazi University<\/p>\n<p><strong>Prof. Dr. S\u00fcleyman B\u00fcy\u00fckberber<\/strong><\/p>\n<p><strong>\u00a0<\/strong><\/p>\n<p>Rector of \u0130stanbul University<\/p>\n<p><strong>Prof. Dr. Yunus S\u00f6ylet<\/strong><\/p>\n<p><strong>\u00a0<\/strong><\/p>\n<p>Rector of Social Sciences University of Ankara<\/p>\n<p><strong>Prof. Dr. \u00d6mer Demir<\/strong><br \/>\nRector of Marmara University<\/p>\n<p><strong>Prof. Dr. M. Emin Arat<\/strong><\/p>\n<p>&nbsp;<\/p>\n<p>Rector of Akdeniz University<\/p>\n<p><strong>Prof. Dr. \u0130srafil Kurtcephe<\/strong><\/p>\n<p><strong>\u00a0<\/strong><\/p>\n<p>Rector of Bezmialem University<\/p>\n<p><strong>Prof. Dr. Saffet T\u00fczgen<\/strong><\/p>\n<p><strong><br \/>\n<\/strong>Rector of Cumhuriyet University<br \/>\n<strong>Prof. Dr. Faruk Kocac\u0131k,<\/strong><\/p>\n<p><strong><br \/>\n<\/strong>Rector of Fatih Sultan Mehmet Vak\u0131f University<br \/>\n<strong>Prof. Dr. Musa Duman,<\/strong><br \/>\nRector of Kastamonu University<br \/>\n<strong>Prof. Dr. Seyit Ayd\u0131n,<\/strong><\/p>\n<p><strong>\u00a0<\/strong><br \/>\nRector of Konya Necmettin Erbakan University.<br \/>\n<strong>Prof. Dr. Muzaffer \u015eeker,<\/strong><\/p>\n<p><strong><br \/>\n<\/strong>Rector of Ordu University<br \/>\n<strong>Prof. Dr. Tar\u0131k Yar\u0131lga\u00e7,<\/strong><\/p>\n<p><strong><br \/>\n<\/strong>Rector of Ad\u0131yaman University<br \/>\n<strong>Prof. Dr. Talha G\u00f6n\u00fcll\u00fc,<\/strong><\/p>\n<p><strong><br \/>\n<\/strong>Rector of Bart\u0131n University<br \/>\n<strong>Prof. Dr. Ramazan Kaplan,<\/strong><\/p>\n<p><strong><br \/>\n<\/strong>Rector of \u00dcsk\u00fcdar University<br \/>\n<strong>Prof. Dr. Nevzat Tarhan,<\/strong><\/p>\n<p><strong><br \/>\n<\/strong>Rector of Abant \u0130zzet Baysal University<br \/>\n<strong>Prof. Dr. Hayri Co\u015fkun,<\/strong><\/p>\n<p><strong><br \/>\n<\/strong>Rector of Karab\u00fck University<\/p>\n<p><strong>Prof. Dr. Burhanettin Uysal,<\/strong><\/p>\n<p>&nbsp;<\/p>\n<p>Rector of Tokat Gaziosmanpa\u015fa University<\/p>\n<p><strong>Prof. Dr. Mustafa \u015eahin,<\/strong><br \/>\nRector of Ahi Evran University<\/p>\n<p><strong>Prof. Dr. Kudret Saylam,<\/strong><br \/>\nRector of B\u00fclent Ecevit University<\/p>\n<p><strong>Prof. Dr. Mahmut \u00d6zer,<\/strong><\/p>\n<p><strong><br \/>\n<\/strong>Rector of Bing\u00f6l University<\/p>\n<p><strong>Prof. Dr. G\u0131yasettin Bayda\u015f,<\/strong><\/p>\n<p><strong><br \/>\n<\/strong>Rector of Tunceli University<\/p>\n<p><strong>Prof. Dr. Durmu\u015f Boztu\u011f,<\/strong><\/p>\n<p><strong><br \/>\n<\/strong>Rector of Bozok University<\/p>\n<p><strong>Prof. Dr. Tamer U\u00e7ar,<\/strong><\/p>\n<p><strong><br \/>\n<\/strong>Rector of Bilecik \u015eeyh Edebali University<\/p>\n<p><strong>Prof. Dr. Azmi \u00d6zcan, <\/strong><\/p>\n<p><strong>\u00a0<\/strong><\/p>\n<p>Rector of Harran University<\/p>\n<p><strong>Prof. Dr. \u0130brahim Halil Mutlu,<\/strong><\/p>\n<p><strong><br \/>\n<\/strong>Rector of Dicle University<\/p>\n<p><strong>Prof. Dr. A. Jale Sara\u00e7,<\/strong><\/p>\n<p><strong><br \/>\n<\/strong>Rector of Hakkari University<\/p>\n<p><strong>Prof. Dr. Ebubekir Ceylan,<\/strong><br \/>\nRector of Hasan Kalyoncu University<\/p>\n<p><strong>Prof. Dr. Tamer Y\u0131lmaz,<\/strong><\/p>\n<p><strong><br \/>\n<\/strong>Rector of Hitit University<\/p>\n<p><strong>Prof. Dr. Reha Metin Alkan,<\/strong><\/p>\n<p><strong><br \/>\n<\/strong>Rector of Sel\u00e7uk University<\/p>\n<p><strong>Prof. Dr. Hakk\u0131 G\u00f6kbel,<\/strong><\/p>\n<p><strong><br \/>\n<\/strong>Rector of \u0130stanbul Ayd\u0131n University<\/p>\n<p><strong>Prof. Dr. Yadigar \u0130zmirli,<\/strong><\/p>\n<p><strong><br \/>\n<\/strong>Rector of Mardin Artuklu University<\/p>\n<p><strong>Prof. Dr. S. Bedii Omay,<\/strong><\/p>\n<p><strong><br \/>\n<\/strong>Rector of KTO Karatay University<\/p>\n<p><strong>Prof. Dr. \u00d6mer Torlak,<\/strong><br \/>\nRector of Dumlup\u0131nar University<\/p>\n<p><strong>Prof. Dr. Ahmet Karaaslan,<\/strong><\/p>\n<p><strong><br \/>\n<\/strong>Rector of F\u0131rat University<\/p>\n<p><strong>Prof. Dr. Kutbeddin Demirda\u011f, <\/strong><\/p>\n<p><strong>\u00a0<\/strong><\/p>\n<p>Rector of \u0130stanbul Medeniyet University<\/p>\n<p><strong>Prof. Dr. Hamit Okur,<\/strong><\/p>\n<p><strong><br \/>\n<\/strong>Rector of Siirt University<\/p>\n<p><strong>Prof. Dr. Murat Erman,<\/strong><\/p>\n<p><strong><br \/>\n<\/strong>Rector of Adana Bilim Teknoloji University<\/p>\n<p><strong>Prof. Dr. Adem Ersoy,<\/strong><\/p>\n<p><strong><br \/>\n<\/strong>Rector of Yeni Y\u00fczy\u0131l University<\/p>\n<p><strong>Prof. Dr. H. H\u00fcsn\u00fc G\u00fcnd\u00fcz,<\/strong><\/p>\n<p><strong><br \/>\n<\/strong>Rector of Aksaray University<\/p>\n<p><strong>Prof. Dr. Mustafa Acar,<\/strong><\/p>\n<p><strong><br \/>\n<\/strong>Rector of \u0130stanbul Medipol University<\/p>\n<p><strong>Prof. Dr. Sabahattin Ayd\u0131n, \u00a0<\/strong><\/p>\n<p><strong>\u00a0<\/strong><\/p>\n<p>&nbsp;<\/p>\n<p>Rector of Y\u00fcz\u00fcnc\u00fc Y\u0131l University<\/p>\n<p><strong>Prof. Dr. Peyami Battal,<\/strong><\/p>\n<p><strong><br \/>\n<\/strong>Rector of Mustafa Kemal University<\/p>\n<p><strong>Prof. Dr. H. Salih G\u00fcder,<\/strong><\/p>\n<p><strong><br \/>\n<\/strong>Rector of Pamukkale University<\/p>\n<p><strong>Prof. Dr. H\u00fcseyin Ba\u011fc\u0131, <\/strong><\/p>\n<p><strong>\u00a0<\/strong><\/p>\n<p>Rector of Karamano\u011flu Mehmet Bey Univ.<\/p>\n<p><strong>Prof. Dr. Sabri G\u00f6kmen, <\/strong><\/p>\n<p><strong>\u00a0<\/strong><\/p>\n<p>Rector of Adnan Menderes University<\/p>\n<p><strong>Prof. Dr. Mustafa Birincio\u011flu,<\/strong><\/p>\n<p><strong>\u00a0<\/strong><\/p>\n<p>Rector of Nam\u0131k Kemal University<\/p>\n<p><strong>Prof. Dr. Osman \u015eim\u015fek,<\/strong><\/p>\n<p><strong><br \/>\n<\/strong>Rector of K\u0131rklareli University<\/p>\n<p><strong>Prof. Dr. Mustafa Ayka\u00e7,<\/strong><\/p>\n<p><strong><br \/>\n<\/strong>Rector of Beykent University<\/p>\n<p><strong>Prof. Dr. Mehmet Emin Karahan,<\/strong><\/p>\n<p><strong><br \/>\n<\/strong>Rector of Atat\u00fcrk University<br \/>\n<strong>Prof. Dr. Hikmet Ko\u00e7ak,<\/strong><\/p>\n<p><strong><br \/>\n<\/strong>Rector of Erzurum Teknik University<\/p>\n<p><strong>Prof. Dr. Muammer Yaylal\u0131,<\/strong><\/p>\n<p><strong><br \/>\n<\/strong>Rector of \u00c7ank\u0131r\u0131 Karatekin University<\/p>\n<p><strong>Prof. Dr. A. \u0130brahim Sava\u015f,<\/strong><\/p>\n<p><strong>\u00a0<\/strong><\/p>\n<p>Rector of Kafkas University<\/p>\n<p><strong>Prof. Dr. Sami \u00d6zcan,<\/strong><\/p>\n<p>&nbsp;<\/p>\n<p>Rector of S\u00fcleyman Demirel University<\/p>\n<p><strong>Prof. Dr. Hasan \u0130bicio\u011flu,<\/strong><br \/>\nRector of U\u015fak University<\/p>\n<p><strong>Prof. Dr. Sait \u00c7elik,<\/strong><\/p>\n<p><strong><br \/>\n<\/strong>Rector of \u015e\u0131rnak University<br \/>\n<strong>Prof. Dr. Ali Akmaz,<\/strong><br \/>\nRector of I\u011fd\u0131r University<br \/>\n<strong>Prof. Dr. \u0130. Hakk\u0131 Y\u0131lmaz,<\/strong><\/p>\n<p><strong><br \/>\n<\/strong>Rector of Ardahan University<br \/>\n<strong>Prof. Dr. Ramazan Korkmaz,<\/strong><br \/>\nRector of Yalova University<br \/>\n<strong>Prof. Dr. Niyazi Eruslu,<\/strong><br \/>\nRector of Bitlis Eren University<br \/>\n<strong>Prof. Dr. Mahmut Do\u011fru,<\/strong><br \/>\nRector of Batman University<br \/>\n<strong>Prof. Dr. Abd\u00fcsselam Ulu\u00e7am, <\/strong><\/p>\n<p>&nbsp;<\/p>\n<p>Rector of Osmaniye Korkutata University<\/p>\n<p><strong>Prof. Dr. Orhan B\u00fcy\u00fckalaca, <\/strong><\/p>\n<p>&nbsp;<\/p>\n<p>Rector of Bursa Teknik University<\/p>\n<p><strong>Prof. Dr. Ali S\u00fcrmen,<\/strong><br \/>\nRector of Ni\u011fde University<br \/>\n<strong>Prof. Dr. Adnan G\u00f6r\u00fcr,<\/strong><br \/>\nRector of Sinop University<br \/>\n<strong>Prof. Dr. Recep Bircan,<\/strong><br \/>\nRector of Artvin \u00c7oruh University<\/p>\n<p><strong>Prof. Dr. Mehmet Duman,<\/strong><br \/>\nRector of Gaziantep University<br \/>\n<strong>Prof. Dr. Yavuz Co\u015fkun,<\/strong><br \/>\nRector of Erzincan University<br \/>\n<strong>Prof. Dr. \u0130lyas \u00c7apo\u011flu,<\/strong><br \/>\nRector of \u0130stanbul Geli\u015fim University<\/p>\n<p><strong>Prof. Dr. Burhan Ayka\u00e7,<\/strong><br \/>\nRector of Ni\u015fanta\u015f\u0131 University<\/p>\n<p><strong>Prof. Dr. Kerem Alk\u0131n,<\/strong><br \/>\nRector of Afyon Kocatepe University<\/p>\n<p><strong>Prof. Dr. Mustafa Solak,<\/strong><br \/>\nRector of Karadeniz Teknik University<\/p>\n<p><strong>Prof. Dr. S\u00fcleyman Baykal,<\/strong><\/p>\n<p><strong><br \/>\n<\/strong>Rector of Recep Tayyip Erdo\u011fan University<\/p>\n<p><strong>Prof. Dr. H\u00fcseyin Karaman,<\/strong><br \/>\nRector of S\u00fcleyman\u015fah University<\/p>\n<p><strong>Prof. Dr. H\u00fcseyin Ekiz,<\/strong><br \/>\nRector of G\u00fcm\u00fc\u015fhane University<\/p>\n<p><strong>Prof. Dr. \u0130hsan G\u00fcnayd\u0131n,<\/strong><br \/>\nRector of Kilis \u00a07 Aral\u0131k University<\/p>\n<p><strong>Prof. Dr. \u0130smail G\u00fcven\u00e7,<\/strong><br \/>\nRector of Eski\u015fehir Osmangazi University<\/p>\n<p><strong>Prof. Dr. Hasan G\u00f6nen,<\/strong><br \/>\nRector of K\u0131r\u0131kkale University<\/p>\n<p><strong>Prof. Dr. Ekrem Y\u0131ld\u0131z,<\/strong><br \/>\nRector of T\u00fcrk-Kazak University<\/p>\n<p><strong>Prof. Dr. Musa Y\u0131ld\u0131z<\/strong><br \/>\nRector of \u00c7ukurova University<br \/>\n<strong>Prof. Dr. Mustafa Kibar,<\/strong><br \/>\nRector of \u0130zmir Katip \u00c7elebi University<\/p>\n<p><strong>Prof. Dr. Galip Akhan,<\/strong><br \/>\nRector of Anadolu University<br \/>\n<strong>Prof. Dr. Naci G\u00fcndo\u011fan,<\/strong><br \/>\nRector of Bayburt University<br \/>\n<strong>Prof. Dr. Sel\u00e7uk Co\u015fkun,<\/strong><br \/>\nRector of \u0130n\u00f6n\u00fc University<br \/>\n<strong>Prof. Dr. Cemil \u00c7elik<\/strong><br \/>\nRector of Kahramanmara\u015f S\u00fct\u00e7\u00fc \u0130mam University<\/p>\n<p><strong>Prof. Dr. M. Fatih Karaaslan<\/strong><br \/>\nRector of Gebze YTE<br \/>\n<strong>Prof. Dr. Orhan \u015eahin,<\/strong><br \/>\nRector of Uluda\u011f University<br \/>\n<strong>Prof. Dr. Kamil Dilek,<\/strong><br \/>\nRector of Mu\u011fla S\u0131tk\u0131 Ko\u00e7man University<\/p>\n<p><strong>Prof. Dr. Mansur Harmandar,<\/strong><br \/>\nRector of Zirve University<br \/>\n<strong>Prof. Dr. Adnan K\u0131sa,<\/strong><br \/>\nRector of Yeditepe University<br \/>\n<strong>Prof.Dr. Nurcan Ba\u00e7,<\/strong><\/p>\n<p><strong><br \/>\n<\/strong>Rector of Do\u011fu\u015f University<br \/>\n<strong>Prof.Dr. Abdullah Din\u00e7kol,<\/strong><\/p>\n<p><strong><br \/>\n<\/strong>Rector of Mimar Sinan G\u00fczel Sanatlar University<br \/>\n<strong>Prof. Dr. Yal\u00e7\u0131n Karaya\u011f\u0131z,<\/strong><br \/>\nRector of Bah\u00e7e\u015fehir University<br \/>\n<strong>Prof. Dr. \u015eenay Yal\u00e7\u0131n,<\/strong><br \/>\nRector of \u0130stanbul 29 May\u0131s University<br \/>\n<strong>Prof. Dr. \u0130brahim K\u00e2fi D\u00f6nmez,<\/strong><br \/>\nRector of Bal\u0131kesir University<br \/>\n<strong>Prof. Dr. Mahir Alkan,<\/strong><br \/>\nRector of Biruni University<br \/>\n<strong>Prof. Dr. Adnan Y\u00fcksel,<\/strong><br \/>\nRector of Amasya University<br \/>\n<strong>Prof. Dr. Metin Orbay,<\/strong><\/p>\n<p><strong><br \/>\n<\/strong>Rector of Mehmet Akif Ersoy University<\/p>\n<p><strong>Prof. Dr. Mustafa Saat\u00e7i,<\/strong><\/p>\n<p><strong><br \/>\n<\/strong>Rector of Celal Bayar University<\/p>\n<p><strong>Prof. Dr. Mehmet Pakdemirli,<\/strong><\/p>\n<p><strong><br \/>\n<\/strong>Nev\u015fehir Haci Bekta\u015f Veli University<br \/>\n<strong>Prof. Dr. Filiz K\u0131l\u0131\u00e7,<\/strong><\/p>\n<p><strong><br \/>\n<\/strong>Rector of D\u00fczce University<br \/>\n<strong>Prof. Dr. Funda Sivrikaya \u015eerifo\u011flu<\/strong><\/p>\n<p>&nbsp;<\/p>\n<p>Rector of Gedik University<\/p>\n<p><strong>Prof.Dr. Berrak Kurtulu\u015f<\/strong><\/p>\n<p><strong>\u00a0<\/strong><\/p>\n<p>Rector of Dokuz Eyl\u00fcl University<\/p>\n<p><strong>Prof. Dr. Mehmet F\u00fcz\u00fcn<\/strong><\/p>\n<p>Rector of Avrasya University<\/p>\n<p><strong>Prof. Dr. Sami Karadeniz<br \/>\n<\/strong><\/p>\n<p>&nbsp;<\/p>\n","protected":false},"excerpt":{"rendered":"<p>GAZA ANNOUNCEMENT TO THE WORLD FROM RECTORS OF 111 UNIVERSITIES IN TURKEY IN 11 LANGUAGES Announcement to Public In Gaza, there has been a great tragedy of humanity. The whole world is not reacting to it as if they were all deaf and blind. The Israeli government has lost its discernment and attack cruelly by &hellip; <a href=\"https:\/\/haimbresheeth.com\/gaza\/an-open-letter-to-israel-academics-july-13th-2014\/open-letter-bt-rectors-of-turkish-universities\/\" class=\"more-link\">Continue reading <span class=\"screen-reader-text\">Open Letter by Rectors of Turkish Universities<\/span><\/a><\/p>\n","protected":false},"author":8,"featured_media":0,"parent":10731,"menu_order":5,"comment_status":"closed","ping_status":"open","template":"","meta":[],"_links":{"self":[{"href":"https:\/\/haimbresheeth.com\/gaza\/wp-json\/wp\/v2\/pages\/10870"}],"collection":[{"href":"https:\/\/haimbresheeth.com\/gaza\/wp-json\/wp\/v2\/pages"}],"about":[{"href":"https:\/\/haimbresheeth.com\/gaza\/wp-json\/wp\/v2\/types\/page"}],"author":[{"embeddable":true,"href":"https:\/\/haimbresheeth.com\/gaza\/wp-json\/wp\/v2\/users\/8"}],"replies":[{"embeddable":true,"href":"https:\/\/haimbresheeth.com\/gaza\/wp-json\/wp\/v2\/comments?post=10870"}],"version-history":[{"count":2,"href":"https:\/\/haimbresheeth.com\/gaza\/wp-json\/wp\/v2\/pages\/10870\/revisions"}],"predecessor-version":[{"id":10872,"href":"https:\/\/haimbresheeth.com\/gaza\/wp-json\/wp\/v2\/pages\/10870\/revisions\/10872"}],"up":[{"embeddable":true,"href":"https:\/\/haimbresheeth.com\/gaza\/wp-json\/wp\/v2\/pages\/10731"}],"wp:attachment":[{"href":"https:\/\/haimbresheeth.com\/gaza\/wp-json\/wp\/v2\/media?parent=10870"}],"curies":[{"name":"wp","href":"https:\/\/api.w.org\/{rel}","templated":true}]}}